{"id":14,"date":"2017-08-26T17:14:16","date_gmt":"2017-08-26T17:14:16","guid":{"rendered":"http:\/\/zumgugger.ch\/?page_id=14"},"modified":"2026-01-15T17:22:19","modified_gmt":"2026-01-15T16:22:19","slug":"uber-mich","status":"publish","type":"page","link":"https:\/\/zumgugger.ch\/?page_id=14","title":{"rendered":"\u00dcber mich"},"content":{"rendered":"\n<figure class=\"wp-block-image\"><img decoding=\"async\" src=\"https:\/\/zumgugger.ch\/wp-content\/uploads\/2020\/10\/k\u00fcsu.jpg\" alt=\"\" class=\"wp-image-240\"\/><\/figure>\n\n\n<p>Hallo<\/p>\n<p>Ich heisse Markus Gugger und ich bin ein Musiker aus L\u00e4ngenb\u00fchl, Kanton Bern.\u00a0 Seit mehr als 30 Jahren bin ich mit verschiedenen Bands als Gitarrist unterwegs und konnte so viele Erfahrungen sammeln. Nach einigen Auftritten als S\u00e4nger und begeisterten R\u00fcckmeldungen habe ich entschlossen, auf eigene Faust zu musizieren.<\/p>\n<p>Seither spiele ich meine\u00a0 &#171;Zeitreise durch die Musik&#187;.<br \/>Das Konzept ist einfach: Ich spiele Hits von den 50ern bis 2020 und kann aus jedem Jahrzehnt Songs spielen, welche gut bekannt sind. Dies kommt bei gemischten Gesellschaften gut an, da f\u00fcr alle etwas dabei ist. <br \/>Ich liebe es, live zu spielen, am liebsten zu zweit. Ich kann aber auch alleine oder in gr\u00f6sseren Formationen auftreten.\u00a0\u00a0<\/p>\n<p>F\u00fcr Hochzeiten oder spezielle Anl\u00e4sse bin ich auch bereit, neue Lieder einzu\u00fcben und vorzubereiten.<\/p>","protected":false},"excerpt":{"rendered":"<p>Hallo Ich heisse Markus Gugger und ich bin ein Musiker aus L\u00e4ngenb\u00fchl, Kanton Bern.\u00a0 Seit mehr als 30 Jahren bin ich mit verschiedenen Bands als Gitarrist unterwegs und konnte so &hellip; <\/p>\n<p class=\"link-more\"><a href=\"https:\/\/zumgugger.ch\/?page_id=14\" class=\"more-link\"><span class=\"screen-reader-text\">&#171;\u00dcber mich&#187;<\/span> weiterlesen<\/a><\/p>\n","protected":false},"author":1,"featured_media":0,"parent":0,"menu_order":0,"comment_status":"closed","ping_status":"closed","template":"","meta":{"_EventAllDay":false,"_EventTimezone":"","_EventStartDate":"","_EventEndDate":"","_EventStartDateUTC":"","_EventEndDateUTC":"","_EventShowMap":false,"_EventShowMapLink":false,"_EventURL":"","_EventCost":"","_EventCostDescription":"","_EventCurrencySymbol":"","_EventCurrencyCode":"","_EventCurrencyPosition":"","_EventDateTimeSeparator":"","_EventTimeRangeSeparator":"","_EventOrganizerID":[],"_EventVenueID":[],"_OrganizerEmail":"","_OrganizerPhone":"","_OrganizerWebsite":"","_VenueAddress":"","_VenueCity":"","_VenueCountry":"","_VenueProvince":"","_VenueState":"","_VenueZip":"","_VenuePhone":"","_VenueURL":"","_VenueStateProvince":"","_VenueLat":"","_VenueLng":"","_VenueShowMap":false,"_VenueShowMapLink":false,"footnotes":""},"class_list":["post-14","page","type-page","status-publish","hentry"],"_links":{"self":[{"href":"https:\/\/zumgugger.ch\/index.php?rest_route=\/wp\/v2\/pages\/14","targetHints":{"allow":["GET"]}}],"collection":[{"href":"https:\/\/zumgugger.ch\/index.php?rest_route=\/wp\/v2\/pages"}],"about":[{"href":"https:\/\/zumgugger.ch\/index.php?rest_route=\/wp\/v2\/types\/page"}],"author":[{"embeddable":true,"href":"https:\/\/zumgugger.ch\/index.php?rest_route=\/wp\/v2\/users\/1"}],"replies":[{"embeddable":true,"href":"https:\/\/zumgugger.ch\/index.php?rest_route=%2Fwp%2Fv2%2Fcomments&post=14"}],"version-history":[{"count":4,"href":"https:\/\/zumgugger.ch\/index.php?rest_route=\/wp\/v2\/pages\/14\/revisions"}],"predecessor-version":[{"id":888,"href":"https:\/\/zumgugger.ch\/index.php?rest_route=\/wp\/v2\/pages\/14\/revisions\/888"}],"wp:attachment":[{"href":"https:\/\/zumgugger.ch\/index.php?rest_route=%2Fwp%2Fv2%2Fmedia&parent=14"}],"curies":[{"name":"wp","href":"https:\/\/api.w.org\/{rel}","templated":true}]}}