{"id":301,"date":"2024-06-10T21:50:20","date_gmt":"2024-06-10T20:50:20","guid":{"rendered":"http:\/\/zumgugger.ch\/?page_id=301"},"modified":"2026-01-15T16:42:52","modified_gmt":"2026-01-15T15:42:52","slug":"repertoire","status":"publish","type":"page","link":"https:\/\/zumgugger.ch\/?page_id=301","title":{"rendered":"Repertoire"},"content":{"rendered":"\n<p>Dank meiner Zeitreise durch die Musik ist f\u00fcr alle G\u00e4ste etwas dabei. Mein Repertoire ist nach Jahrzahl geordnet. Falls du f\u00fcr deinen Anlass ein besonderes Lied w\u00fcnschst, lass es mich wissen.<\/p>\n\n\n\n<p><br><strong>50er<\/strong><\/p>\n\n\n\n<p>1956 Rock around the clock<\/p>\n\n\n\n<p>1957 Jailhouse Rock<\/p>\n\n\n\n<p>1957 Tutti Frutti<\/p>\n\n\n\n<p>1957 Rock and roll music<\/p>\n\n\n\n<p>1958 Johnny B Goode<\/p>\n\n\n\n<p><strong>60er<\/strong><\/p>\n\n\n\n<p>1961 Can\u2018t help falling in love<\/p>\n\n\n\n<p>1963 Lucky lips<\/p>\n\n\n\n<p>1963 Surfing USA<\/p>\n\n\n\n<p>1965 Help<\/p>\n\n\n\n<p>1967 Little Wing<\/p>\n\n\n\n<p>1967 The letter<\/p>\n\n\n\n<p>1967 To love somebody<\/p>\n\n\n\n<p>1968 Born to be wild<\/p>\n\n\n\n<p>1968 Hey Jude<\/p>\n\n\n\n<p>1969 Come together<\/p>\n\n\n\n<p><strong>70er<\/strong><\/p>\n\n\n\n<p>1970 Let it be<\/p>\n\n\n\n<p>1971 Aint no sunshine<\/p>\n\n\n\n<p>1973 Knocking on heaven\u2018s door<\/p>\n\n\n\n<p>1976 Hotel California<\/p>\n\n\n\n<p>1977 Don\u2018t stop<\/p>\n\n\n\n<p>1977 Dust in the wind<\/p>\n\n\n\n<p>1977 Rocking all over the world<\/p>\n\n\n\n<p>1977 we will rock you<\/p>\n\n\n\n<p>1979 Don\u2018t bring me down<\/p>\n\n\n\n<p>1979 Hot stuff<\/p>\n\n\n\n<p>1979 I was made for loving you<\/p>\n\n\n\n<p>1979 Whatever you want<\/p>\n\n\n\n<p><strong>80er<\/strong><\/p>\n\n\n\n<p>1980 Breaking the law<\/p>\n\n\n\n<p>1981 Dont stop believin<\/p>\n\n\n\n<p>1982 Africa<\/p>\n\n\n\n<p>1982 Eye of the tiger<\/p>\n\n\n\n<p>1982 Here i go again<\/p>\n\n\n\n<p>1982 Louenesee <strong>(Mundart)<\/strong><\/p>\n\n\n\n<p>1982 Purple rain<\/p>\n\n\n\n<p>1983 I\u2019m still standing<\/p>\n\n\n\n<p>1983 Rebell yell<\/p>\n\n\n\n<p>1983 Sharp dressed man<\/p>\n\n\n\n<p>1984 It\u2019s only love<\/p>\n\n\n\n<p>1984 I want to know what love is<\/p>\n\n\n\n<p>1984 Rock you like a hurricane<\/p>\n\n\n\n<p>1984 Runaway<\/p>\n\n\n\n<p>1984 Summer of 69 1985 Alperose<strong> (Mundart)<\/strong><\/p>\n\n\n\n<p>1985 Take on me<\/p>\n\n\n\n<p>1985 Walk of life<\/p>\n\n\n\n<p>1986 Living on a prayer<\/p>\n\n\n\n<p>1986 The final countdown<\/p>\n\n\n\n<p>1986 Wanted dead or alive<\/p>\n\n\n\n<p>1986 You give love a bad name<\/p>\n\n\n\n<p>1987 Paradise city<\/p>\n\n\n\n<p>1988 Summer 68 <strong>(Mundart)<\/strong><\/p>\n\n\n\n<p>1988 The look<\/p>\n\n\n\n<p>1989 Poison<\/p>\n\n\n\n<p>1989 Rocking in the free world<\/p>\n\n\n\n<p><strong>90er<br><\/strong>1990 More than words<\/p>\n\n\n\n<p>1990 Still got the blues<\/p>\n\n\n\n<p>1990 Thunderstruck<\/p>\n\n\n\n<p>1990 Wind of change<\/p>\n\n\n\n<p>1991 Nothing else matters<\/p>\n\n\n\n<p>1991 Schalrachrot <strong>(Mundart)<\/strong><\/p>\n\n\n\n<p>1991 Show must go on<\/p>\n\n\n\n<p>1992 Bard\u2019s song<\/p>\n\n\n\n<p>1992 Tears in Heaven<\/p>\n\n\n\n<p>1994 Basket case<\/p>\n\n\n\n<p>1994 I sch\u00e4nke dir mis H\u00e4rz<strong> (Mundart)<\/strong><\/p>\n\n\n\n<p>1994 Kiss from a rose<\/p>\n\n\n\n<p>1994 Sleeping in my car<\/p>\n\n\n\n<p>1995 Wonderwall<\/p>\n\n\n\n<p>1997 Angels<\/p>\n\n\n\n<p>1997 W.Nuss vo B\u00fcmpliz <strong>(Mundart)<\/strong><\/p>\n\n\n\n<p>1999 I want it that way<\/p>\n\n\n\n<p>1999 Livin la vida loca<\/p>\n\n\n\n<p>1999 Sex Bomb<\/p>\n\n\n\n<p><strong>2000er<\/strong><\/p>\n\n\n\n<p>2000 bye bye bye<\/p>\n\n\n\n<p>2001 Baila<\/p>\n\n\n\n<p>2001 How you remind me<\/p>\n\n\n\n<p>2002 Ein Kompliment<\/p>\n\n\n\n<p>2002 Feel<\/p>\n\n\n\n<p>2002 Heimweh <strong>(Mundart)<\/strong><\/p>\n\n\n\n<p>2003 Trybguet<strong> (Mundart)<\/strong><\/p>\n\n\n\n<p>2004 Fingt z Gl\u00fcck eim<strong> (Mundart)<\/strong><\/p>\n\n\n\n<p>2008 Dance with somebody<\/p>\n\n\n\n<p>2009 Marry me<\/p>\n\n\n\n<p><strong>2010er<\/strong><\/p>\n\n\n\n<p>2011 Sleep<\/p>\n\n\n\n<p>2011 Tshirt<strong> (Mundart)<\/strong><\/p>\n\n\n\n<p>2012 Let her go<\/p>\n\n\n\n<p>2012 Tage wie diese<\/p>\n\n\n\n<p>2013 Appaus applaus<\/p>\n\n\n\n<p>2013 Counting Stars<\/p>\n\n\n\n<p>2014 Auf uns<\/p>\n\n\n\n<p>2015 One call away<\/p>\n\n\n\n<p>2016 Magnetised<\/p>\n\n\n\n<p>2016 There\u2018s nothing holding me back<\/p>\n\n\n\n<p>2017 Perfect<\/p>\n\n\n\n<p>2017 Shape of you<\/p>\n\n\n\n<p>2019 Blinding lights<\/p>\n\n\n\n<p>2019 F\u00fcr immer uf di <strong>(Mundart)<\/strong><\/p>\n\n\n\n<p>2019 Se\u00f1orita<br><br><strong>Irish<\/strong><\/p>\n\n\n\n<p>Irish rover<\/p>\n\n\n\n<p>Whiskey in a jar<\/p>\n\n\n\n<p>1984 Streams of whiskey<\/p>\n\n\n\n<p>1985 A pair of brown eyes<\/p>\n\n\n\n<p>1985 Dirty old town<\/p>\n\n\n\n<p>2000 devil\u2018s dance floor<\/p>\n\n\n\n<p><\/p>\n\n\n\n<p><\/p>\n\n\n\n<p><\/p>\n\n\n\n<p><\/p>\n","protected":false},"excerpt":{"rendered":"<p>Dank meiner Zeitreise durch die Musik ist f\u00fcr alle G\u00e4ste etwas dabei. Mein Repertoire ist nach Jahrzahl geordnet. Falls du f\u00fcr deinen Anlass ein besonderes Lied w\u00fcnschst, lass es mich &hellip; <\/p>\n<p class=\"link-more\"><a href=\"https:\/\/zumgugger.ch\/?page_id=301\" class=\"more-link\"><span class=\"screen-reader-text\">&#171;Repertoire&#187;<\/span> weiterlesen<\/a><\/p>\n","protected":false},"author":1,"featured_media":0,"parent":0,"menu_order":0,"comment_status":"closed","ping_status":"closed","template":"","meta":{"_EventAllDay":false,"_EventTimezone":"","_EventStartDate":"","_EventEndDate":"","_EventStartDateUTC":"","_EventEndDateUTC":"","_EventShowMap":false,"_EventShowMapLink":false,"_EventURL":"","_EventCost":"","_EventCostDescription":"","_EventCurrencySymbol":"","_EventCurrencyCode":"","_EventCurrencyPosition":"","_EventDateTimeSeparator":"","_EventTimeRangeSeparator":"","_EventOrganizerID":[],"_EventVenueID":[],"_OrganizerEmail":"","_OrganizerPhone":"","_OrganizerWebsite":"","_VenueAddress":"","_VenueCity":"","_VenueCountry":"","_VenueProvince":"","_VenueState":"","_VenueZip":"","_VenuePhone":"","_VenueURL":"","_VenueStateProvince":"","_VenueLat":"","_VenueLng":"","_VenueShowMap":false,"_VenueShowMapLink":false,"footnotes":""},"class_list":["post-301","page","type-page","status-publish","hentry"],"_links":{"self":[{"href":"https:\/\/zumgugger.ch\/index.php?rest_route=\/wp\/v2\/pages\/301","targetHints":{"allow":["GET"]}}],"collection":[{"href":"https:\/\/zumgugger.ch\/index.php?rest_route=\/wp\/v2\/pages"}],"about":[{"href":"https:\/\/zumgugger.ch\/index.php?rest_route=\/wp\/v2\/types\/page"}],"author":[{"embeddable":true,"href":"https:\/\/zumgugger.ch\/index.php?rest_route=\/wp\/v2\/users\/1"}],"replies":[{"embeddable":true,"href":"https:\/\/zumgugger.ch\/index.php?rest_route=%2Fwp%2Fv2%2Fcomments&post=301"}],"version-history":[{"count":6,"href":"https:\/\/zumgugger.ch\/index.php?rest_route=\/wp\/v2\/pages\/301\/revisions"}],"predecessor-version":[{"id":885,"href":"https:\/\/zumgugger.ch\/index.php?rest_route=\/wp\/v2\/pages\/301\/revisions\/885"}],"wp:attachment":[{"href":"https:\/\/zumgugger.ch\/index.php?rest_route=%2Fwp%2Fv2%2Fmedia&parent=301"}],"curies":[{"name":"wp","href":"https:\/\/api.w.org\/{rel}","templated":true}]}}